{"id":6283,"date":"2022-03-21T20:29:03","date_gmt":"2022-03-21T20:29:03","guid":{"rendered":"http:\/\/diveway.pl\/n\/?page_id=6283"},"modified":"2022-07-06T16:14:30","modified_gmt":"2022-07-06T16:14:30","slug":"rescue-diver","status":"publish","type":"page","link":"https:\/\/diveway.pl\/n\/rescue-diver\/","title":{"rendered":"Rescue Diver"},"content":{"rendered":"\t\t<div data-elementor-type=\"wp-page\" data-elementor-id=\"6283\" class=\"elementor elementor-6283\">\n\t\t\t\t\t\t\t\t\t<section class=\"elementor-section elementor-top-section elementor-element elementor-element-414452a ot-traditional elementor-section-boxed elementor-section-height-default elementor-section-height-default tf-sticky-section tf-sticky-no\" data-id=\"414452a\" data-element_type=\"section\" data-settings=\"{&quot;tf_sticky&quot;:&quot;no&quot;}\">\n\t\t\t\t\t\t<div class=\"elementor-container elementor-column-gap-default\">\n\t\t\t\t\t<div class=\"elementor-column elementor-col-100 elementor-top-column elementor-element elementor-element-b34ddfd ot-flex-column-vertical\" data-id=\"b34ddfd\" data-element_type=\"column\">\n\t\t\t<div class=\"elementor-widget-wrap elementor-element-populated\">\n\t\t\t\t\t\t\t\t<div class=\"elementor-element elementor-element-1e092ff elementor-widget elementor-widget-iheading\" data-id=\"1e092ff\" data-element_type=\"widget\" data-widget_type=\"iheading.default\">\n\t\t\t\t<div class=\"elementor-widget-container\">\n\t\t\t\t\t<div class=\"ot-heading\">\r\n\t        \t            <span>\/\/ Nurek Ratownik<\/span>\r\n\t        <h2 class=\"main-heading\">RESCUE DIVER<\/h2>\t    <\/div>\r\n\t    \t\t<\/div>\n\t\t\t\t<\/div>\n\t\t\t\t\t<\/div>\n\t\t<\/div>\n\t\t\t\t\t\t\t<\/div>\n\t\t<\/section>\n\t\t\t\t<section class=\"elementor-section elementor-top-section elementor-element elementor-element-f996d4f ot-traditional elementor-section-boxed elementor-section-height-default elementor-section-height-default tf-sticky-section tf-sticky-no\" data-id=\"f996d4f\" data-element_type=\"section\" data-settings=\"{&quot;tf_sticky&quot;:&quot;no&quot;}\">\n\t\t\t\t\t\t<div class=\"elementor-container elementor-column-gap-default\">\n\t\t\t\t\t<div class=\"elementor-column elementor-col-50 elementor-top-column elementor-element elementor-element-7f82a0d ot-flex-column-vertical\" data-id=\"7f82a0d\" data-element_type=\"column\">\n\t\t\t<div class=\"elementor-widget-wrap elementor-element-populated\">\n\t\t\t\t\t\t\t\t<div class=\"elementor-element elementor-element-03dd6cc elementor-widget elementor-widget-image\" data-id=\"03dd6cc\" data-element_type=\"widget\" data-widget_type=\"image.default\">\n\t\t\t\t<div class=\"elementor-widget-container\">\n\t\t\t<style>\/*! elementor - v3.13.2 - 11-05-2023 *\/\n.elementor-widget-image{text-align:center}.elementor-widget-image a{display:inline-block}.elementor-widget-image a img[src$=\".svg\"]{width:48px}.elementor-widget-image img{vertical-align:middle;display:inline-block}<\/style>\t\t\t\t\t\t\t\t\t\t\t\t<img decoding=\"async\" width=\"1024\" height=\"851\" src=\"https:\/\/diveway.pl\/n\/wp-content\/uploads\/2022\/02\/f31d9fa5-1588-400e-8d2f-2c834ff967e0-1024x851.jpg\" class=\"attachment-large size-large wp-image-5553\" alt=\"\" loading=\"lazy\" srcset=\"https:\/\/diveway.pl\/n\/wp-content\/uploads\/2022\/02\/f31d9fa5-1588-400e-8d2f-2c834ff967e0-1024x851.jpg 1024w, https:\/\/diveway.pl\/n\/wp-content\/uploads\/2022\/02\/f31d9fa5-1588-400e-8d2f-2c834ff967e0-200x166.jpg 200w, https:\/\/diveway.pl\/n\/wp-content\/uploads\/2022\/02\/f31d9fa5-1588-400e-8d2f-2c834ff967e0-300x249.jpg 300w, https:\/\/diveway.pl\/n\/wp-content\/uploads\/2022\/02\/f31d9fa5-1588-400e-8d2f-2c834ff967e0-768x638.jpg 768w, https:\/\/diveway.pl\/n\/wp-content\/uploads\/2022\/02\/f31d9fa5-1588-400e-8d2f-2c834ff967e0-720x598.jpg 720w, https:\/\/diveway.pl\/n\/wp-content\/uploads\/2022\/02\/f31d9fa5-1588-400e-8d2f-2c834ff967e0.jpg 1268w\" sizes=\"(max-width: 1024px) 100vw, 1024px\" \/>\t\t\t\t\t\t\t\t\t\t\t\t\t\t\t<\/div>\n\t\t\t\t<\/div>\n\t\t\t\t\t<\/div>\n\t\t<\/div>\n\t\t\t\t<div class=\"elementor-column elementor-col-50 elementor-top-column elementor-element elementor-element-48d8d7b ot-flex-column-vertical\" data-id=\"48d8d7b\" data-element_type=\"column\">\n\t\t\t<div class=\"elementor-widget-wrap elementor-element-populated\">\n\t\t\t\t\t\t\t\t<div class=\"elementor-element elementor-element-3d826b4 elementor-widget elementor-widget-text-editor\" data-id=\"3d826b4\" data-element_type=\"widget\" data-widget_type=\"text-editor.default\">\n\t\t\t\t<div class=\"elementor-widget-container\">\n\t\t\t<style>\/*! elementor - v3.13.2 - 11-05-2023 *\/\n.elementor-widget-text-editor.elementor-drop-cap-view-stacked .elementor-drop-cap{background-color:#69727d;color:#fff}.elementor-widget-text-editor.elementor-drop-cap-view-framed .elementor-drop-cap{color:#69727d;border:3px solid;background-color:transparent}.elementor-widget-text-editor:not(.elementor-drop-cap-view-default) .elementor-drop-cap{margin-top:8px}.elementor-widget-text-editor:not(.elementor-drop-cap-view-default) .elementor-drop-cap-letter{width:1em;height:1em}.elementor-widget-text-editor .elementor-drop-cap{float:left;text-align:center;line-height:1;font-size:50px}.elementor-widget-text-editor .elementor-drop-cap-letter{display:inline-block}<\/style>\t\t\t\t<p>PADI Rescue Diver to kolejny krok nurkowego rozwoju, kt\u00f3ry pozwala zdoby\u0107 umiej\u0119tno\u015bci wykraczaj\u0105ce poza poziom typowego nurkowania rekreacyjnego. W czasie kursu uczymy prowadzenia efektywnych akcji ratunkowych, udzielania nurkowi pierwszej pomocy przedmedycznej oraz radzenia sobie w sytuacji wypadku nurkowego.<\/p><p>Nurek z tym certyfikatem nie tylko podnosi poziom swojego bezpiecze\u0144stwa, ale r\u00f3wnie\u017c potrafi zauwa\u017cy\u0107 problem u innego nurka i odpowiednio na niego zareagowa\u0107. Kurs Rescue nie uczy tylko i wy\u0142\u0105cznie reakcji na zaistnia\u0142e problemy. Dzi\u0119ki posiadaniu odpowiedniej wiedzy oraz \u015bwiadomo\u015bci, nurek Rescue potrafi zauwa\u017cy\u0107 zagro\u017cenie jeszcze zanim ono nast\u0105pi np. zareagowa\u0107 na oznaki stresu u innego nurka przed zej\u015bciem pod wod\u0119.<\/p>\t\t\t\t\t\t<\/div>\n\t\t\t\t<\/div>\n\t\t\t\t\t<\/div>\n\t\t<\/div>\n\t\t\t\t\t\t\t<\/div>\n\t\t<\/section>\n\t\t\t\t\t\t\t<\/div>\n\t\t","protected":false},"excerpt":{"rendered":"<p>\/\/ Nurek Ratownik RESCUE DIVER PADI Rescue Diver to kolejny krok nurkowego rozwoju, kt\u00f3ry pozwala zdoby\u0107 umiej\u0119tno\u015bci wykraczaj\u0105ce poza poziom typowego nurkowania rekreacyjnego. W czasie kursu uczymy prowadzenia efektywnych akcji ratunkowych, udzielania nurkowi pierwszej pomocy przedmedycznej oraz radzenia sobie w sytuacji wypadku nurkowego. Nurek z tym certyfikatem nie tylko podnosi poziom swojego bezpiecze\u0144stwa, ale r\u00f3wnie\u017c [&hellip;]<\/p>\n","protected":false},"author":1,"featured_media":0,"parent":0,"menu_order":0,"comment_status":"closed","ping_status":"closed","template":"","meta":[],"_links":{"self":[{"href":"https:\/\/diveway.pl\/n\/wp-json\/wp\/v2\/pages\/6283"}],"collection":[{"href":"https:\/\/diveway.pl\/n\/wp-json\/wp\/v2\/pages"}],"about":[{"href":"https:\/\/diveway.pl\/n\/wp-json\/wp\/v2\/types\/page"}],"author":[{"embeddable":true,"href":"https:\/\/diveway.pl\/n\/wp-json\/wp\/v2\/users\/1"}],"replies":[{"embeddable":true,"href":"https:\/\/diveway.pl\/n\/wp-json\/wp\/v2\/comments?post=6283"}],"version-history":[{"count":8,"href":"https:\/\/diveway.pl\/n\/wp-json\/wp\/v2\/pages\/6283\/revisions"}],"predecessor-version":[{"id":6291,"href":"https:\/\/diveway.pl\/n\/wp-json\/wp\/v2\/pages\/6283\/revisions\/6291"}],"wp:attachment":[{"href":"https:\/\/diveway.pl\/n\/wp-json\/wp\/v2\/media?parent=6283"}],"curies":[{"name":"wp","href":"https:\/\/api.w.org\/{rel}","templated":true}]}}